{"id":69,"date":"2016-02-07T17:23:54","date_gmt":"2016-02-07T16:23:54","guid":{"rendered":"http:\/\/www2.krossholmen.se\/?page_id=69"},"modified":"2023-03-06T17:00:31","modified_gmt":"2023-03-06T16:00:31","slug":"stadgar","status":"publish","type":"page","link":"https:\/\/www.krossholmen.se\/index.php\/stadgar\/","title":{"rendered":"Stadgar"},"content":{"rendered":"<h1>Krossholmens B\u00e5tklubb<\/h1>\n<p>Stadgar fastst\u00e4llda vid ordinarie \u00e5rsst\u00e4mma 1 mars 2018<\/p>\n<h2>\u00a7 1. F\u00f6reningens verksamhet och syfte<\/h2>\n<ol>\n<li>Krossholmens B\u00e5tklubb \u00e4r en ideell f\u00f6rening med s\u00e4te i G\u00f6teborg.<\/li>\n<li>F\u00f6reningens \u00e4ndam\u00e5l \u00e4r att fr\u00e4mja b\u00e5tsporten och verka f\u00f6r sj\u00f6s\u00e4kerhet, god milj\u00f6 och gott sj\u00f6manskap samt att tillhandah\u00e5lla b\u00e5tplatser.<\/li>\n<li>F\u00f6reningen \u00e4ger fastigheten Amhult 2:24 med tillh\u00f6rande byggnader och hamnanl\u00e4ggning, uppdelat p\u00e5 110 andelar.<\/li>\n<li>F\u00f6reningen skall f\u00f6r att uppn\u00e5 sina syften, f\u00f6r medlemmarna tillhandah\u00e5lla klubbhus, parkeringsplatser och b\u00e5tplatser p\u00e5 f\u00f6reningens fastighet. Underh\u00e5ll och sk\u00f6tsel av dessa skall i huvudsak ske genom ideellt arbete av medlemmarna.<\/li>\n<li>F\u00f6reningens verksamhets\u00e5r \u00e4r kalender\u00e5r.<\/li>\n<\/ol>\n<h2>\u00a7 2. Medlemskap<\/h2>\n<ol>\n<li>F\u00f6r medlemskap kr\u00e4vs innehav av en (1) andel av f\u00f6reningens 110 andelar.<\/li>\n<li>Medlemskap s\u00f6ks skriftligen och erh\u00e5lls efter styrelsens beslut och endast till fysisk person.<\/li>\n<li>Medlem skall erl\u00e4gga \u00e5rlig medlemsavgift och eventuell b\u00e5tplatsavgift som fastst\u00e4lls av \u00e5rsst\u00e4mman.<\/li>\n<li>Medlem utan anspr\u00e5k p\u00e5 b\u00e5tplats \u00e4r \u201dpassiv medlem\u201d.<\/li>\n<li>Medlem som efter anmaning inte fullg\u00f6r sina skyldigheter mot f\u00f6reningen betr\u00e4ffande avgifter, kan uteslutas ur f\u00f6reningen efter styrelsens beslut.<\/li>\n<li>Medlem som upps\u00e5tligen eller av v\u00e5rdsl\u00f6shet skadar hamnanl\u00e4ggningen eller andra medlemmars \u00e4godelar eller g\u00f6r sig skyldig till s\u00e5dant klanderv\u00e4rt handlingss\u00e4tt att detta \u00e4ventyrar eller motverkar f\u00f6reningens syfte, kan uteslutas ur f\u00f6reningen efter styrelsens beslut. Medlem har r\u00e4tt att \u00f6verklaga uteslutning vid \u00e5rsst\u00e4mman.<\/li>\n<li>Vid uteslutning av medlem enligt \u00a7 2.5 och \u00a7 2.6, \u00e4ger f\u00f6reningen r\u00e4tt att s\u00e4lja den uteslutne medlemmens andel och efter gottg\u00f6relse till f\u00f6reningen \u00e5terbetala resterande belopp till den f\u00f6re detta medlemmen.<\/li>\n<li>\u00d6nskar medlem uttr\u00e4da ur f\u00f6reningen \u00e5ligger det denne att skriftligen meddela styrelsen detta samt anvisa ny medlem, vilken skall godk\u00e4nnas av styrelsen i enlighet med \u00a7 2.2.<\/li>\n<li>Om medlem inte kan s\u00e4tta annan i sitt st\u00e4lle vid \u00f6nskat uttr\u00e4de, kan styrelsen bist\u00e5 med detta.<\/li>\n<li>Medlem har r\u00e4tt att disponera en (1) b\u00e5tplats per andel, men inte r\u00e4tt att h\u00e4vda dispositionsr\u00e4tt till en speciell b\u00e5tplats.<\/li>\n<\/ol>\n<h2>\u00a7 3. F\u00f6reningsst\u00e4mman<\/h2>\n<ol>\n<li>Ordinarie \u00e5rsst\u00e4mma \u00e4ger rum f\u00f6re mars m\u00e5nads utg\u00e5ng.<\/li>\n<li>Styrelsen kallar till \u00e5rsst\u00e4mma tidigast sex veckor f\u00f6re st\u00e4mman samt senast fyra veckor f\u00f6re ordinarie &#8211; och tv\u00e5 veckor f\u00f6re extra f\u00f6reningsst\u00e4mma. I kallelsen skall tydligt framg\u00e5 vilka \u00e4renden som skall behandlas p\u00e5 st\u00e4mman.<\/li>\n<li>Extra f\u00f6reningsst\u00e4mma f\u00e5r inte h\u00e5llas mindre \u00e4n en m\u00e5nad f\u00f6re eller efter ordinarie \u00e5rsst\u00e4mma.<\/li>\n<li>Extra f\u00f6reningsst\u00e4mma h\u00e5lls n\u00e4r styrelse eller revisor finner s\u00e5 p\u00e5kallat eller om 1\/10 av f\u00f6reningens medlemmar hos ordf\u00f6rande skriftligen framst\u00e4ller beg\u00e4ran d\u00e4rom. Styrelsen kallar till s\u00e5dan extra f\u00f6reningsst\u00e4mma.<\/li>\n<li>Medlem som \u00f6nskar \u00f6verl\u00e4mna motion till n\u00e4stkommande \u00e5rs \u00e5rsst\u00e4mma, skall g\u00f6ra detta till styrelsen f\u00f6re verksamhets\u00e5rets utg\u00e5ng.<\/li>\n<li>Vid \u00e5rsst\u00e4mman har varje medlem en r\u00f6st, men kan genom skriftlig fullmakt representera h\u00f6gst fem andra medlemmar.<\/li>\n<li>Beslut p\u00e5 st\u00e4mman tas enligt f\u00f6ljande: enkel majoritet av n\u00e4rvarande medlemmar personligen eller via fullmakt. Vid lika r\u00f6st avg\u00f6r r\u00f6st l\u00e4mnad av st\u00e4mmans ordf\u00f6rande. Kvalificerad majoritet g\u00e4ller vid beslut i vissa fr\u00e5gor, se \u00a7 3.8 nedan.<\/li>\n<li>F\u00f6rs\u00e4ljning av f\u00f6reningens fasta egendom, \u00e4ndring av stadgar eller f\u00f6reningens uppl\u00f6sning, kan endast beslutas efter tv\u00e5 f\u00f6reningsst\u00e4mmor, varav en ordinarie \u00e5rsst\u00e4mma, med minst en m\u00e5nads mellanrum och med samtycke av minst 2\/3 av d\u00e4r n\u00e4rvarande medlemmar personligen eller via fullmakt. Vid f\u00f6reningens uppl\u00f6sning skall eventuella \u00f6verskott f\u00f6rdelas per andel till medlemmarna.<\/li>\n<li>P\u00e5 extra f\u00f6reningsst\u00e4mma f\u00e5r inte beslutas i andra \u00e4renden \u00e4n de som angivits i kallelsen.<\/li>\n<li>Vid ordinarie f\u00f6reningsst\u00e4mma skall f\u00f6ljande \u00e4renden f\u00f6rekomma:<br \/>\n\u2022 Val av ordf\u00f6rande vid st\u00e4mman och anm\u00e4lan om ordf\u00f6randens val av protokollf\u00f6rare<br \/>\n\u2022 Godk\u00e4nnande av r\u00f6stl\u00e4ngd<br \/>\n\u2022 Val av tv\u00e5 justeringsm\u00e4n<br \/>\n\u2022 Fr\u00e5gan om st\u00e4mman utlysts i beh\u00f6rig ordning<br \/>\n\u2022 Fastst\u00e4llande av dagordning<br \/>\n\u2022 F\u00f6redragning av verksamhetsber\u00e4ttelse<br \/>\n\u2022 F\u00f6redragning av \u00e5rsredovisning<br \/>\n\u2022 F\u00f6redragning av revisionsber\u00e4ttelse<br \/>\n\u2022 Fastst\u00e4llande av balans och resultatr\u00e4kning<br \/>\n\u2022 Fr\u00e5ga om ansvarsfrihet f\u00f6r styrelsemedlemmar<br \/>\n\u2022 Fastst\u00e4llande av medlemsavgifter, b\u00e5tplatsavgifter och budget<br \/>\n\u2022 Val av ordf\u00f6rande, kass\u00f6r, sekreterare, hamnkapten och arbetsledare<br \/>\n\u2022 Val av \u00f6vriga styrelseledam\u00f6ter<br \/>\n\u2022 Val av suppleanter till styrelsen<br \/>\n\u2022 Val av revisor och revisorssuppleant<br \/>\n\u2022 Val av valberedning<\/li>\n<\/ol>\n<h2>\u00a7 4 Styrelsen<\/h2>\n<ol>\n<li>F\u00f6reningens styrelse skall best\u00e5 av minst fem och h\u00f6gst tio ordinarie ledam\u00f6ter. Ordf\u00f6rande, kass\u00f6r, sekreterare, hamnkapten och arbetsgruppledare utg\u00f6r alla styrelseledam\u00f6ter.<\/li>\n<li>Styrelsen v\u00e4ljs av \u00e5rsst\u00e4mman.<\/li>\n<li>Styrelsen v\u00e4ljs p\u00e5 tv\u00e5 \u00e5r s\u00e5 att ordf\u00f6rande och halva styrelsen v\u00e4ljs j\u00e4mna \u00e5r och kass\u00f6ren och resterande halva styrelsen v\u00e4ljs udda \u00e5r.<\/li>\n<li>Styrelseledamot kan v\u00e4ljas om f\u00f6r ytterligare perioder efter valberedningens f\u00f6rslag och st\u00e4mmans beslut.<\/li>\n<li>F\u00f6reningens firma tecknas av ordf\u00f6rande och kass\u00f6r i f\u00f6rening.<\/li>\n<li>Styrelsen kan besluta om investeringar med h\u00f6gst det belopp, som fastst\u00e4lls av st\u00e4mman. Investeringar d\u00e4rut\u00f6ver beslutas vid f\u00f6reningsst\u00e4mma med 2\/3 majoritet av n\u00e4rvarande medlemmar, personligen eller via fullmakt.<\/li>\n<li>Styrelsens uppgifter \u00e4r att svara f\u00f6r f\u00f6reningens organisation och f\u00f6rvaltning av f\u00f6reningens angel\u00e4genheter i enlighet med beslut och riktlinjer tagna p\u00e5 f\u00f6reningens st\u00e4mma\/st\u00e4mmor.<\/li>\n<li>Beslut i styrelsen tas enligt f\u00f6ljande: enkel majoritet av n\u00e4rvarande styrelseledam\u00f6ter. Vid lika r\u00f6st avg\u00f6r r\u00f6st l\u00e4mnad av styrelsens ordf\u00f6rande. Minst fem styrelseledam\u00f6ter m\u00e5ste vara n\u00e4rvarande f\u00f6r att styrelsen skall vara beslutsf\u00f6r.<\/li>\n<\/ol>\n<h2>\u00a7 5. B\u00e5tplatser<\/h2>\n<ol>\n<li>Styrelsen avg\u00f6r fr\u00e5n fall till fall vilka b\u00e5tar som kan godk\u00e4nnas i hamnen och har d\u00e4rvid att ta h\u00e4nsyn till objektiva omst\u00e4ndigheter s\u00e5som tillg\u00e5ng till platser, bryggors h\u00e5llfasthet, vattendjup etc.<\/li>\n<li>B\u00e5tplats anvisas av styrelsen och i samr\u00e5d med ber\u00f6rd medlem.<\/li>\n<li>Om medlem byter b\u00e5t s\u00e5 skall styrelsen i god tid underr\u00e4ttas f\u00f6r att vid behov om m\u00f6jligt kunna anvisa l\u00e4mplig b\u00e5tplats enl. \u00a7 5.1.<\/li>\n<li>Den som disponerar en b\u00e5tplats i hamnen skall f\u00f6lja f\u00f6reningens ordningsregler samt h\u00e5lla sin b\u00e5t f\u00f6rs\u00e4krad och h\u00e5lla styrelsen informerad om vilket f\u00f6rs\u00e4kringsbolag den f\u00f6rs\u00e4krats i.<\/li>\n<li>Om lediga b\u00e5tplatser f\u00f6religger efter f\u00f6rdelningen till medlemmarna, kan styrelsen hyra ut dessa ett \u00e5r i taget till icke andels\u00e4gare<\/li>\n<li>F\u00f6reningens och icke andels\u00e4gare r\u00e4ttigheter och skyldigheter regleras via separat avtal.<\/li>\n<li>Den som disponerar en b\u00e5tplats i hamnen skall utf\u00f6ra av styrelsen beordrad arbetsdag enligt aktivitetsplan. Avgift f\u00f6r utebliven arbetsdag fastst\u00e4lls av \u00e5rsst\u00e4mman.<\/li>\n<li>Om b\u00e5t\u00e4gare efter anmaning inte flyttar eller h\u00e4mtar sin b\u00e5t eller egendom inom \u00f6verenskommen tid, kan f\u00f6reningen p\u00e5 b\u00e5t\u00e4garens bekostnad s\u00f6ka handr\u00e4ckning hos Kronofogdemyndigheten.<\/li>\n<\/ol>\n","protected":false},"excerpt":{"rendered":"<p>Krossholmens B\u00e5tklubb Stadgar fastst\u00e4llda vid ordinarie \u00e5rsst\u00e4mma 1 mars 2018 \u00a7 1. F\u00f6reningens verksamhet och syfte Krossholmens B\u00e5tklubb \u00e4r en ideell f\u00f6rening med s\u00e4te i G\u00f6teborg. F\u00f6reningens \u00e4ndam\u00e5l \u00e4r att fr\u00e4mja b\u00e5tsporten och verka f\u00f6r sj\u00f6s\u00e4kerhet, god milj\u00f6 och gott sj\u00f6manskap samt att tillhandah\u00e5lla b\u00e5tplatser. F\u00f6reningen \u00e4ger fastigheten Amhult 2:24 med tillh\u00f6rande byggnader och hamnanl\u00e4ggning, [&hellip;]<\/p>\n","protected":false},"author":1,"featured_media":0,"parent":0,"menu_order":0,"comment_status":"closed","ping_status":"closed","template":"","meta":{"footnotes":""},"class_list":["post-69","page","type-page","status-publish","hentry"],"_links":{"self":[{"href":"https:\/\/www.krossholmen.se\/index.php\/wp-json\/wp\/v2\/pages\/69","targetHints":{"allow":["GET"]}}],"collection":[{"href":"https:\/\/www.krossholmen.se\/index.php\/wp-json\/wp\/v2\/pages"}],"about":[{"href":"https:\/\/www.krossholmen.se\/index.php\/wp-json\/wp\/v2\/types\/page"}],"author":[{"embeddable":true,"href":"https:\/\/www.krossholmen.se\/index.php\/wp-json\/wp\/v2\/users\/1"}],"replies":[{"embeddable":true,"href":"https:\/\/www.krossholmen.se\/index.php\/wp-json\/wp\/v2\/comments?post=69"}],"version-history":[{"count":5,"href":"https:\/\/www.krossholmen.se\/index.php\/wp-json\/wp\/v2\/pages\/69\/revisions"}],"predecessor-version":[{"id":1751,"href":"https:\/\/www.krossholmen.se\/index.php\/wp-json\/wp\/v2\/pages\/69\/revisions\/1751"}],"wp:attachment":[{"href":"https:\/\/www.krossholmen.se\/index.php\/wp-json\/wp\/v2\/media?parent=69"}],"curies":[{"name":"wp","href":"https:\/\/api.w.org\/{rel}","templated":true}]}}