{"id":1348,"date":"2020-10-29T16:24:02","date_gmt":"2020-10-29T15:24:02","guid":{"rendered":"https:\/\/www.krossholmen.se\/?page_id=1348"},"modified":"2021-12-20T14:53:49","modified_gmt":"2021-12-20T13:53:49","slug":"krossholmens-batklubbs-miljoplan","status":"publish","type":"page","link":"https:\/\/www.krossholmen.se\/index.php\/krossholmens-batklubbs-miljoplan\/","title":{"rendered":"KROSSHOLMENS B\u00c5TKLUBBS MILJ\u00d6PLAN"},"content":{"rendered":"\n<p class=\"has-normal-font-size\">Krossholmens B\u00e5tklubb arbetar tillsammans med sina medlemmar f\u00f6r att minimera sin milj\u00f6p\u00e5verkan. Tillsammans kan vi se till att v\u00e5r  b\u00e5tklubbsverksamhet \u00e4r b\u00e5de trivsam och milj\u00f6anpassad. F\u00f6rh\u00e5llningsreglerna nedan \u00e4r framtagna i syfte att s\u00e5v\u00e4l \u00f6ka medvetenheten hos medlemmarna som synligg\u00f6ra eventuella brister och skapa riktlinjer f\u00f6r en god och milj\u00f6v\u00e4nlig b\u00e5tklubbskultur.<\/p>\n\n\n\n<p><strong>&nbsp;&nbsp; Medlem och \u00f6vriga som nyttjar b\u00e5tklubbens anl\u00e4ggning \u00e4r skyldiga:<\/strong><\/p>\n\n\n\n<ol class=\"wp-block-list\"><li>Att h\u00e5lla sig informerade om klubbens stadgar, regler och verksamhet via tillg\u00e4ngliga informationskanaler som Internet, brev, anslag p\u00e5 b\u00e5tklubbens anslagstavla etc.<\/li><li>Att f\u00f6lja klubbens stadgar, ordningsregler och \u00f6vriga regler samt anvisningar fr\u00e5n klubbens funktion\u00e4rer.<\/li><li>Ut\u00f6ver vad som framg\u00e5r av Milj\u00f6planen, skyltning och anslag, \u00e4r det alltid g\u00e4llande lagar samt kommunala och andra f\u00f6reskrifter som g\u00e4ller.<\/li><li>Vid hantering av milj\u00f6farliga \u00e4mnen och produkter skall externa och interna s\u00e4kerhetsf\u00f6reskrifter alltid f\u00f6ljas i avsikt att minimera milj\u00f6p\u00e5verkan.<\/li><li>Endast av myndigheterna godk\u00e4nda b\u00e5tbottenf\u00e4rger f\u00e5r anv\u00e4ndas. TBT, tenn och bly f\u00e5r inte f\u00f6rekomma i b\u00e5tens bottenf\u00e4rg och det \u00e4r b\u00e5t\u00e4garens ansvar att s\u00e4kerst\u00e4lla att hans b\u00e5t uppfyller detta krav. Om otill\u00e5ten f\u00e4rg uppt\u00e4cks skall detta omedelbart rapporteras till styrelsen f\u00f6r vidare handl\u00e4ggning och sanering.<\/li><li>Slipning av b\u00e5tbottenf\u00e4rg f\u00e5r endast ske med ansluten grovdammsugare som samlar upp slipdammet som ska l\u00e4mnas p\u00e5 avsedd plats i milj\u00f6stationen p\u00e5 b\u00e5tklubben eller p\u00e5 kommunens \u00e5tervinningsstation.<\/li><li>Bl\u00e4string av b\u00e5tbotten som har rester av b\u00e5tbottenf\u00e4rg f\u00e5r endast ske d\u00e4r marken t\u00e4ckts och t\u00e4tning mellan b\u00e5tskrov och marken har arrangerats p\u00e5 ett s\u00e4tt som godk\u00e4nts av hamnkaptenen. F\u00e4rgresterna skall samlas upp och l\u00e4mnas som milj\u00f6farligt avfall p\u00e5 kommunens \u00e5tervinningsstation.<\/li><li>\u00c4ven vid bottenm\u00e5lning av b\u00e5ten skall marken skyddas s\u00e5 att inte f\u00e4rg sprids p\u00e5 marken.<\/li><li>Oljerester ska samlas upp och omg\u00e5ende h\u00e4llas i avsett fat m\u00e4rkt med \u201dSpillolja\u201d i milj\u00f6stationen.<\/li><li>Oljefilter kastas omg\u00e5ende efter byte i fat m\u00e4rkt med \u201dOljefilter\u201d i milj\u00f6stationen.<\/li><li>Glykol fr\u00e5n byte i kylsystem och vinterkonservering av sj\u00f6vattensystem ska samlas upp och omg\u00e5ende h\u00e4llas i avsett fat m\u00e4rkt med \u201dGlykol\u201d i milj\u00f6stationen.<\/li><li>Slagvatten som inneh\u00e5ller olja, br\u00e4nsle eller glykol f\u00e5r inte sl\u00e4ppas ut varken i sj\u00f6n eller p\u00e5 land. B\u00e5tar med risk f\u00f6r att olja hamnar i k\u00f6lsvinet b\u00f6r ha en oljeabsorbent i k\u00f6lsvinet eller \u00e4nnu hellre en separationsanordning p\u00e5 l\u00e4nsanordningen.<\/li><li>Toat\u00f6mning f\u00e5r ej ske i sj\u00f6n. Klubbens, eller annans sugt\u00f6mningsstation ska anv\u00e4ndas.<\/li><li>F\u00e4rgrester, m\u00e5lningsverktyg, l\u00f6sningsmedel och l\u00f6sningsmedelsrester ska l\u00e4mnas i fat m\u00e4rkt med l\u00f6sningsmedel i milj\u00f6stationen. F\u00e4rgburkar, penslar, rollers etc. ska l\u00e4mnas p\u00e5 avsedd plats i milj\u00f6stationen eller p\u00e5 kommunens \u00e5tervinningsstation.<\/li><li>Tomdunkar, som inneh\u00e5llit milj\u00f6farliga \u00e4mnen och efter\u00e5t anv\u00e4nds som tyngder f\u00f6r presenningar vid vintert\u00e4ckningar, f\u00e5r inte ha etiketter som visar deras tidigare inneh\u00e5ll.<\/li><li>Uttj\u00e4nta b\u00e5tbatterier skall omg\u00e5ende l\u00e4mnas i speciellt syras\u00e4kert k\u00e4rl i milj\u00f6stationen p\u00e5 b\u00e5tklubben.<\/li><li>Blandat hush\u00e5llsavfall ifr\u00e5n b\u00e5tarna l\u00e4ggs v\u00e4l emballerat i sopk\u00e4rlen vid v\u00e5r milj\u00f6station d\u00e4r information finns anslaget p\u00e5 milj\u00f6stationens gavel.<\/li><li>Skrymmande avfall, f\u00f6rpackningar och \u00f6vrigt avfall k\u00e4llsorteras av b\u00e5t\u00e4garen och l\u00e4mnas p\u00e5 kommunens \u00e5tervinningsstation.<\/li><li>El- och elektronikskrot l\u00e4mnas p\u00e5 avsedd plats i milj\u00f6stationen eller p\u00e5 kommunens \u00e5tervinningsstation.<\/li><li>P\u00e5 grund av brandrisken \u00e4r det f\u00f6rbjudet att ha str\u00f6m inkopplad till b\u00e5tar n\u00e4r ingen vistas d\u00e4r, elv\u00e4rme f\u00e5r f\u00f6ljaktligen inte l\u00e4mnas p\u00e5slagen i b\u00e5t och elf\u00f6rbrukningen ska minimeras.<\/li><li>Det \u00e4r f\u00f6rbjudet att tanka  fr\u00e5n tankbil till b\u00e5t i hamnen.<\/li><li>F\u00e4rskvatten ska anv\u00e4ndas med f\u00f6rnuft och f\u00e5r inte l\u00e4mnas rinnande.<\/li><li>Se till att inte fall och linor st\u00e5r och sl\u00e5r mot masten.<\/li><li>Efter kl 22 skall det vara tyst i hamnen.<\/li><li>Ytterligare information finns i instruktionsp\u00e4rmen i klubbhusets bokhylla.<\/li><\/ol>\n\n\n\n<p><strong>Ansvarig:<\/strong><\/p>\n\n\n\n<ul class=\"wp-block-list\"><li>Ordf\u00f6rande tillsammans med hamnkapten<\/li><li>\u00d6vriga i b\u00e5tklubbens styrelse direkt inblandade i milj\u00f6arbetet<\/li><\/ul>\n","protected":false},"excerpt":{"rendered":"<p>Krossholmens B\u00e5tklubb arbetar tillsammans med sina medlemmar f\u00f6r att minimera sin milj\u00f6p\u00e5verkan. Tillsammans kan vi se till att v\u00e5r b\u00e5tklubbsverksamhet \u00e4r b\u00e5de trivsam och milj\u00f6anpassad. F\u00f6rh\u00e5llningsreglerna nedan \u00e4r framtagna i syfte att s\u00e5v\u00e4l \u00f6ka medvetenheten hos medlemmarna som synligg\u00f6ra eventuella brister och skapa riktlinjer f\u00f6r en god och milj\u00f6v\u00e4nlig b\u00e5tklubbskultur. &nbsp;&nbsp; Medlem och \u00f6vriga som [&hellip;]<\/p>\n","protected":false},"author":1,"featured_media":0,"parent":0,"menu_order":0,"comment_status":"closed","ping_status":"closed","template":"","meta":{"footnotes":""},"class_list":["post-1348","page","type-page","status-publish","hentry"],"_links":{"self":[{"href":"https:\/\/www.krossholmen.se\/index.php\/wp-json\/wp\/v2\/pages\/1348","targetHints":{"allow":["GET"]}}],"collection":[{"href":"https:\/\/www.krossholmen.se\/index.php\/wp-json\/wp\/v2\/pages"}],"about":[{"href":"https:\/\/www.krossholmen.se\/index.php\/wp-json\/wp\/v2\/types\/page"}],"author":[{"embeddable":true,"href":"https:\/\/www.krossholmen.se\/index.php\/wp-json\/wp\/v2\/users\/1"}],"replies":[{"embeddable":true,"href":"https:\/\/www.krossholmen.se\/index.php\/wp-json\/wp\/v2\/comments?post=1348"}],"version-history":[{"count":8,"href":"https:\/\/www.krossholmen.se\/index.php\/wp-json\/wp\/v2\/pages\/1348\/revisions"}],"predecessor-version":[{"id":1523,"href":"https:\/\/www.krossholmen.se\/index.php\/wp-json\/wp\/v2\/pages\/1348\/revisions\/1523"}],"wp:attachment":[{"href":"https:\/\/www.krossholmen.se\/index.php\/wp-json\/wp\/v2\/media?parent=1348"}],"curies":[{"name":"wp","href":"https:\/\/api.w.org\/{rel}","templated":true}]}}